{"id":3625,"date":"2024-08-27T15:29:21","date_gmt":"2024-08-27T15:29:21","guid":{"rendered":"https:\/\/www.rousseauquartet.com\/fr\/?page_id=3625"},"modified":"2024-08-30T19:16:26","modified_gmt":"2024-08-30T19:16:26","slug":"events","status":"publish","type":"page","link":"https:\/\/www.rousseauquartet.com\/fr\/events\/","title":{"rendered":"Events"},"content":{"rendered":"\t\t<div data-elementor-type=\"wp-page\" data-elementor-id=\"3625\" class=\"elementor elementor-3625\">\n\t\t\t\t\t\t<section class=\"elementor-section elementor-top-section elementor-element elementor-element-5fab70a4 elementor-section-boxed elementor-section-height-default elementor-section-height-default\" data-id=\"5fab70a4\" data-element_type=\"section\" data-e-type=\"section\">\n\t\t\t\t\t\t<div class=\"elementor-container elementor-column-gap-default\">\n\t\t\t\t\t<div class=\"elementor-column elementor-col-100 elementor-top-column elementor-element elementor-element-30fb1621\" data-id=\"30fb1621\" data-element_type=\"column\" data-e-type=\"column\">\n\t\t\t<div class=\"elementor-widget-wrap elementor-element-populated\">\n\t\t\t\t\t\t<div class=\"elementor-element elementor-element-75dacdf6 elementor-invisible elementor-widget elementor-widget-text-editor\" data-id=\"75dacdf6\" data-element_type=\"widget\" data-e-type=\"widget\" data-settings=\"{&quot;_animation&quot;:&quot;fadeInRight&quot;}\" data-widget_type=\"text-editor.default\">\n\t\t\t\t<div class=\"elementor-widget-container\">\n\t\t\t\t\t\t\t\t\t<h3><\/h3>\n<h1><strong>\u00c9v\u00e9nements<\/strong><\/h1>\n\t\t\t\t\t\t\t\t<\/div>\n\t\t\t\t<\/div>\n\t\t\t\t\t<\/div>\n\t\t<\/div>\n\t\t\t\t\t<\/div>\n\t\t<\/section>\n\t\t\t\t<section class=\"elementor-section elementor-top-section elementor-element elementor-element-1d82b53e elementor-section-boxed elementor-section-height-default elementor-section-height-default\" data-id=\"1d82b53e\" data-element_type=\"section\" data-e-type=\"section\">\n\t\t\t\t\t\t<div class=\"elementor-container elementor-column-gap-default\">\n\t\t\t\t\t<div class=\"elementor-column elementor-col-50 elementor-top-column elementor-element elementor-element-28b6bf65\" data-id=\"28b6bf65\" data-element_type=\"column\" data-e-type=\"column\">\n\t\t\t<div class=\"elementor-widget-wrap elementor-element-populated\">\n\t\t\t\t\t\t<div class=\"elementor-element elementor-element-55c6b199 elementor-widget elementor-widget-image\" data-id=\"55c6b199\" data-element_type=\"widget\" data-e-type=\"widget\" data-widget_type=\"image.default\">\n\t\t\t\t<div class=\"elementor-widget-container\">\n\t\t\t\t\t\t\t\t\t\t\t\t\t\t\t<img fetchpriority=\"high\" decoding=\"async\" width=\"1024\" height=\"670\" src=\"https:\/\/www.rousseauquartet.com\/fr\/wp-content\/uploads\/2024\/08\/Emerald-Quartet-Events-1024x670.jpg\" class=\"attachment-large size-large wp-image-3620\" alt=\"Emerald Quartet Events jpg\" srcset=\"https:\/\/www.rousseauquartet.com\/fr\/wp-content\/uploads\/2024\/08\/Emerald-Quartet-Events-1024x670.jpg 1024w, https:\/\/www.rousseauquartet.com\/fr\/wp-content\/uploads\/2024\/08\/Emerald-Quartet-Events-300x196.jpg 300w, https:\/\/www.rousseauquartet.com\/fr\/wp-content\/uploads\/2024\/08\/Emerald-Quartet-Events-768x502.jpg 768w, https:\/\/www.rousseauquartet.com\/fr\/wp-content\/uploads\/2024\/08\/Emerald-Quartet-Events.jpg 1156w\" sizes=\"(max-width: 1024px) 100vw, 1024px\" \/>\t\t\t\t\t\t\t\t\t\t\t\t\t\t\t<\/div>\n\t\t\t\t<\/div>\n\t\t\t\t\t<\/div>\n\t\t<\/div>\n\t\t\t\t<div class=\"elementor-column elementor-col-50 elementor-top-column elementor-element elementor-element-14766d02\" data-id=\"14766d02\" data-element_type=\"column\" data-e-type=\"column\">\n\t\t\t<div class=\"elementor-widget-wrap elementor-element-populated\">\n\t\t\t\t\t\t<div class=\"elementor-element elementor-element-13082bf1 elementor-widget elementor-widget-text-editor\" data-id=\"13082bf1\" data-element_type=\"widget\" data-e-type=\"widget\" data-widget_type=\"text-editor.default\">\n\t\t\t\t<div class=\"elementor-widget-container\">\n\t\t\t\t\t\t\t\t\t<p>D\u00e9couvrez l&#8217;\u00e9l\u00e9gance et la polyvalence de notre quatuor \u00e0 cordes haut de gamme, con\u00e7u pour rehausser l&#8217;atmosph\u00e8re de vos \u00e9v\u00e9nements haut de gamme. Qu&#8217;il s&#8217;agisse d&#8217;une fonction d&#8217;entreprise, de performances en direct ou de la cr\u00e9ation de bandes sonores exceptionnelles pour Netflix, notre ensemble allie harmonieusement sophistication classique et attrait moderne. Plongez votre public dans nos performances captivantes, laissant une impression durable de raffinement et de style.<\/p>\t\t\t\t\t\t\t\t<\/div>\n\t\t\t\t<\/div>\n\t\t\t\t\t<\/div>\n\t\t<\/div>\n\t\t\t\t\t<\/div>\n\t\t<\/section>\n\t\t\t\t<section class=\"elementor-section elementor-top-section elementor-element elementor-element-2c66bc8c elementor-section-boxed elementor-section-height-default elementor-section-height-default\" data-id=\"2c66bc8c\" data-element_type=\"section\" data-e-type=\"section\">\n\t\t\t\t\t\t<div class=\"elementor-container elementor-column-gap-default\">\n\t\t\t\t\t<div class=\"elementor-column elementor-col-50 elementor-top-column elementor-element elementor-element-7e14aa75\" data-id=\"7e14aa75\" data-element_type=\"column\" data-e-type=\"column\">\n\t\t\t<div class=\"elementor-widget-wrap elementor-element-populated\">\n\t\t\t\t\t\t<div class=\"elementor-element elementor-element-7cba8700 elementor-widget elementor-widget-heading\" data-id=\"7cba8700\" data-element_type=\"widget\" data-e-type=\"widget\" data-widget_type=\"heading.default\">\n\t\t\t\t<div class=\"elementor-widget-container\">\n\t\t\t\t\t<h3 class=\"elementor-heading-title elementor-size-default\">\nNous proposons maintenant des violonistes et violoncellistes \u00e9lectriques !<\/h3>\t\t\t\t<\/div>\n\t\t\t\t<\/div>\n\t\t\t\t<div class=\"elementor-element elementor-element-6c6672f1 elementor-widget elementor-widget-text-editor\" data-id=\"6c6672f1\" data-element_type=\"widget\" data-e-type=\"widget\" data-widget_type=\"text-editor.default\">\n\t\t\t\t<div class=\"elementor-widget-container\">\n\t\t\t\t\t\t\t\t\t<p>Voici notre plus r\u00e9cent ajout \u00e9lectrisant \u00e0 votre programmation \u00e9v\u00e9nementielle ! \u00c9levez votre \u00e9v\u00e9nement avec nos musiciens \u00e9lectriques solos qui apportent une touche moderne et dynamique aux chansons populaires. Des succ\u00e8s en t\u00eate des charts aux classiques intemporels, nos musiciens talentueux se produisent sur des pistes captivantes, garantissant une exp\u00e9rience inoubliable \u00e0 votre public. Pr\u00e9parez-vous \u00e0 enflammer l&#8217;atmosph\u00e8re et \u00e0 recevoir une r\u00e9ponse exceptionnelle avec nos musiciens \u00e9lectriques solos. R\u00e9servez maintenant et ajoutez des \u00e9tincelles \u00e0 votre \u00e9v\u00e9nement !<\/p>\t\t\t\t\t\t\t\t<\/div>\n\t\t\t\t<\/div>\n\t\t\t\t\t<\/div>\n\t\t<\/div>\n\t\t\t\t<div class=\"elementor-column elementor-col-50 elementor-top-column elementor-element elementor-element-2557d005\" data-id=\"2557d005\" data-element_type=\"column\" data-e-type=\"column\">\n\t\t\t<div class=\"elementor-widget-wrap elementor-element-populated\">\n\t\t\t\t\t\t<div class=\"elementor-element elementor-element-1aeacb4c elementor-widget__width-initial elementor-widget elementor-widget-image\" data-id=\"1aeacb4c\" data-element_type=\"widget\" data-e-type=\"widget\" data-widget_type=\"image.default\">\n\t\t\t\t<div class=\"elementor-widget-container\">\n\t\t\t\t\t\t\t\t\t\t\t\t\t\t\t<img decoding=\"async\" width=\"1700\" height=\"2125\" src=\"https:\/\/www.rousseauquartet.com\/fr\/wp-content\/uploads\/2024\/08\/DSCF1181-Curtis-Perry.jpg\" class=\"attachment-full size-full wp-image-3621\" alt=\"DSCF Curtis Perry jpg\" srcset=\"https:\/\/www.rousseauquartet.com\/fr\/wp-content\/uploads\/2024\/08\/DSCF1181-Curtis-Perry.jpg 1700w, https:\/\/www.rousseauquartet.com\/fr\/wp-content\/uploads\/2024\/08\/DSCF1181-Curtis-Perry-240x300.jpg 240w, https:\/\/www.rousseauquartet.com\/fr\/wp-content\/uploads\/2024\/08\/DSCF1181-Curtis-Perry-819x1024.jpg 819w, https:\/\/www.rousseauquartet.com\/fr\/wp-content\/uploads\/2024\/08\/DSCF1181-Curtis-Perry-768x960.jpg 768w, https:\/\/www.rousseauquartet.com\/fr\/wp-content\/uploads\/2024\/08\/DSCF1181-Curtis-Perry-1229x1536.jpg 1229w, https:\/\/www.rousseauquartet.com\/fr\/wp-content\/uploads\/2024\/08\/DSCF1181-Curtis-Perry-1638x2048.jpg 1638w\" sizes=\"(max-width: 1700px) 100vw, 1700px\" \/>\t\t\t\t\t\t\t\t\t\t\t\t\t\t\t<\/div>\n\t\t\t\t<\/div>\n\t\t\t\t\t<\/div>\n\t\t<\/div>\n\t\t\t\t\t<\/div>\n\t\t<\/section>\n\t\t\t\t<section class=\"elementor-section elementor-top-section elementor-element elementor-element-53aee382 elementor-section-content-middle elementor-section-boxed elementor-section-height-default elementor-section-height-default\" data-id=\"53aee382\" data-element_type=\"section\" data-e-type=\"section\">\n\t\t\t\t\t\t<div class=\"elementor-container elementor-column-gap-default\">\n\t\t\t\t\t<div class=\"elementor-column elementor-col-100 elementor-top-column elementor-element elementor-element-5bd278b8\" data-id=\"5bd278b8\" data-element_type=\"column\" data-e-type=\"column\">\n\t\t\t<div class=\"elementor-widget-wrap elementor-element-populated\">\n\t\t\t\t\t\t<div class=\"elementor-element elementor-element-83bac85 elementor-widget elementor-widget-html\" data-id=\"83bac85\" data-element_type=\"widget\" data-e-type=\"widget\" data-widget_type=\"html.default\">\n\t\t\t\t<div class=\"elementor-widget-container\">\n\t\t\t\t\t<div style=\"text-align:center;\" class=\"elementor-button-wrapper\"> <a href=\"https:\/\/form.typeform.com\/to\/EOmvTklG\" class=\"GetaQuote elementor-button-link elementor-button elementor-size-lg typeform-share button\" data-size=\"100\" target=\"_blank\"> <span class=\"elementor-button-content-wrapper\"> <span class=\"elementor-button-icon elementor-align-icon-right\"> <i aria-hidden=\"true\" class=\"fas fa-arrow-right\"><\/i> <\/span> <span class=\"elementor-button-text\">Get a quote<\/span> <\/span> <\/a><\/div>\n<script> (function() { var qs,js,q,s,d=document, gi=d.getElementById, ce=d.createElement, gt=d.getElementsByTagName, id=\"typef_orm_share\", b=\"https:\/\/embed.typeform.com\/\"; if(!gi.call(d,id)){ js=ce.call(d,\"script\"); js.id=id; js.src=b+\"embed.js\"; q=gt.call(d,\"script\")[0]; q.parentNode.insertBefore(js,q) } })() <\/script>\n\t\t\t\t<\/div>\n\t\t\t\t<\/div>\n\t\t\t\t\t<\/div>\n\t\t<\/div>\n\t\t\t\t\t<\/div>\n\t\t<\/section>\n\t\t\t\t<\/div>\n\t\t","protected":false},"excerpt":{"rendered":"<p>\u00c9v\u00e9nements D\u00e9couvrez l&#8217;\u00e9l\u00e9gance et la polyvalence de notre quatuor \u00e0 cordes haut de gamme, con\u00e7u pour rehausser l&#8217;atmosph\u00e8re de vos \u00e9v\u00e9nements haut de gamme. Qu&#8217;il s&#8217;agisse d&#8217;une fonction d&#8217;entreprise, de [&hellip;]<\/p>\n","protected":false},"author":1,"featured_media":2780,"parent":0,"menu_order":0,"comment_status":"closed","ping_status":"closed","template":"","meta":{"site-sidebar-layout":"no-sidebar","site-content-layout":"page-builder","ast-site-content-layout":"full-width-container","site-content-style":"default","site-sidebar-style":"default","ast-global-header-display":"","ast-banner-title-visibility":"","ast-main-header-display":"","ast-hfb-above-header-display":"","ast-hfb-below-header-display":"","ast-hfb-mobile-header-display":"","site-post-title":"disabled","ast-breadcrumbs-content":"","ast-featured-img":"disabled","footer-sml-layout":"","ast-disable-related-posts":"","theme-transparent-header-meta":"","adv-header-id-meta":"","stick-header-meta":"","header-above-stick-meta":"","header-main-stick-meta":"","header-below-stick-meta":"","astra-migrate-meta-layouts":"set","ast-page-background-enabled":"default","ast-page-background-meta":{"desktop":{"background-color":"","background-image":"","background-repeat":"repeat","background-position":"center center","background-size":"auto","background-attachment":"scroll","background-type":"","background-media":"","overlay-type":"","overlay-color":"","overlay-opacity":"","overlay-gradient":""},"tablet":{"background-color":"","background-image":"","background-repeat":"repeat","background-position":"center center","background-size":"auto","background-attachment":"scroll","background-type":"","background-media":"","overlay-type":"","overlay-color":"","overlay-opacity":"","overlay-gradient":""},"mobile":{"background-color":"","background-image":"","background-repeat":"repeat","background-position":"center center","background-size":"auto","background-attachment":"scroll","background-type":"","background-media":"","overlay-type":"","overlay-color":"","overlay-opacity":"","overlay-gradient":""}},"ast-content-background-meta":{"desktop":{"background-color":"var(--ast-global-color-5)","background-image":"","background-repeat":"repeat","background-position":"center center","background-size":"auto","background-attachment":"scroll","background-type":"","background-media":"","overlay-type":"","overlay-color":"","overlay-opacity":"","overlay-gradient":""},"tablet":{"background-color":"var(--ast-global-color-5)","background-image":"","background-repeat":"repeat","background-position":"center center","background-size":"auto","background-attachment":"scroll","background-type":"","background-media":"","overlay-type":"","overlay-color":"","overlay-opacity":"","overlay-gradient":""},"mobile":{"background-color":"var(--ast-global-color-5)","background-image":"","background-repeat":"repeat","background-position":"center center","background-size":"auto","background-attachment":"scroll","background-type":"","background-media":"","overlay-type":"","overlay-color":"","overlay-opacity":"","overlay-gradient":""}},"footnotes":""},"class_list":["post-3625","page","type-page","status-publish","has-post-thumbnail","hentry"],"yoast_head":"<!-- This site is optimized with the Yoast SEO plugin v27.5 - https:\/\/yoast.com\/product\/yoast-seo-wordpress\/ -->\n<title>Events - Rousseau String Quartet \u2022 Ottawa Based Musicians<\/title>\n<meta name=\"robots\" content=\"index, follow, max-snippet:-1, max-image-preview:large, max-video-preview:-1\" \/>\n<link rel=\"canonical\" href=\"https:\/\/www.rousseauquartet.com\/fr\/events\/\" \/>\n<meta name=\"twitter:card\" content=\"summary_large_image\" \/>\n<meta name=\"twitter:title\" content=\"Events - Rousseau String Quartet \u2022 Ottawa Based Musicians\" \/>\n<meta name=\"twitter:description\" content=\"\u00c9v\u00e9nements D\u00e9couvrez l&#8217;\u00e9l\u00e9gance et la polyvalence de notre quatuor \u00e0 cordes haut de gamme, con\u00e7u pour rehausser l&#8217;atmosph\u00e8re de vos \u00e9v\u00e9nements haut de gamme. Qu&#8217;il s&#8217;agisse d&#8217;une fonction d&#8217;entreprise, de [&hellip;]\" \/>\n<meta name=\"twitter:image\" content=\"https:\/\/www.rousseauquartet.com\/fr\/wp-content\/uploads\/2024\/02\/DSCF1200-Curtis-Perry.jpg\" \/>\n<meta name=\"twitter:label1\" content=\"Est. reading time\" \/>\n\t<meta name=\"twitter:data1\" content=\"2 minutes\" \/>\n<script type=\"application\/ld+json\" class=\"yoast-schema-graph\">{\"@context\":\"https:\\\/\\\/schema.org\",\"@graph\":[{\"@type\":\"WebPage\",\"@id\":\"https:\\\/\\\/www.rousseauquartet.com\\\/fr\\\/events\\\/\",\"url\":\"https:\\\/\\\/www.rousseauquartet.com\\\/fr\\\/events\\\/\",\"name\":\"Events - Rousseau String Quartet \u2022 Ottawa Based Musicians\",\"isPartOf\":{\"@id\":\"https:\\\/\\\/www.rousseauquartet.com\\\/fr\\\/#website\"},\"primaryImageOfPage\":{\"@id\":\"https:\\\/\\\/www.rousseauquartet.com\\\/fr\\\/events\\\/#primaryimage\"},\"image\":{\"@id\":\"https:\\\/\\\/www.rousseauquartet.com\\\/fr\\\/events\\\/#primaryimage\"},\"thumbnailUrl\":\"https:\\\/\\\/www.rousseauquartet.com\\\/fr\\\/wp-content\\\/uploads\\\/2024\\\/02\\\/DSCF1200-Curtis-Perry.jpg\",\"datePublished\":\"2024-08-27T15:29:21+00:00\",\"dateModified\":\"2024-08-30T19:16:26+00:00\",\"breadcrumb\":{\"@id\":\"https:\\\/\\\/www.rousseauquartet.com\\\/fr\\\/events\\\/#breadcrumb\"},\"inLanguage\":\"en-US\",\"potentialAction\":[{\"@type\":\"ReadAction\",\"target\":[\"https:\\\/\\\/www.rousseauquartet.com\\\/fr\\\/events\\\/\"]}]},{\"@type\":\"ImageObject\",\"inLanguage\":\"en-US\",\"@id\":\"https:\\\/\\\/www.rousseauquartet.com\\\/fr\\\/events\\\/#primaryimage\",\"url\":\"https:\\\/\\\/www.rousseauquartet.com\\\/fr\\\/wp-content\\\/uploads\\\/2024\\\/02\\\/DSCF1200-Curtis-Perry.jpg\",\"contentUrl\":\"https:\\\/\\\/www.rousseauquartet.com\\\/fr\\\/wp-content\\\/uploads\\\/2024\\\/02\\\/DSCF1200-Curtis-Perry.jpg\",\"width\":1700,\"height\":1275,\"caption\":\"DSCF Curtis Perry\"},{\"@type\":\"BreadcrumbList\",\"@id\":\"https:\\\/\\\/www.rousseauquartet.com\\\/fr\\\/events\\\/#breadcrumb\",\"itemListElement\":[{\"@type\":\"ListItem\",\"position\":1,\"name\":\"Home\",\"item\":\"https:\\\/\\\/www.rousseauquartet.com\\\/fr\\\/\"},{\"@type\":\"ListItem\",\"position\":2,\"name\":\"Events\"}]},{\"@type\":\"WebSite\",\"@id\":\"https:\\\/\\\/www.rousseauquartet.com\\\/fr\\\/#website\",\"url\":\"https:\\\/\\\/www.rousseauquartet.com\\\/fr\\\/\",\"name\":\"Rousseau String Quartet \u2022 Ottawa Based Musicians\",\"description\":\"Rousseau String Quartet is one of the most sought-after ensembles for wedding ceremony music, corporate events, and parties in Ottawa!\",\"publisher\":{\"@id\":\"https:\\\/\\\/www.rousseauquartet.com\\\/fr\\\/#organization\"},\"potentialAction\":[{\"@type\":\"SearchAction\",\"target\":{\"@type\":\"EntryPoint\",\"urlTemplate\":\"https:\\\/\\\/www.rousseauquartet.com\\\/fr\\\/?s={search_term_string}\"},\"query-input\":{\"@type\":\"PropertyValueSpecification\",\"valueRequired\":true,\"valueName\":\"search_term_string\"}}],\"inLanguage\":\"en-US\"},{\"@type\":\"Organization\",\"@id\":\"https:\\\/\\\/www.rousseauquartet.com\\\/fr\\\/#organization\",\"name\":\"Rousseau String Quartet\",\"url\":\"https:\\\/\\\/www.rousseauquartet.com\\\/fr\\\/\",\"logo\":{\"@type\":\"ImageObject\",\"inLanguage\":\"en-US\",\"@id\":\"https:\\\/\\\/www.rousseauquartet.com\\\/fr\\\/#\\\/schema\\\/logo\\\/image\\\/\",\"url\":\"https:\\\/\\\/www.rousseauquartet.com\\\/fr\\\/wp-content\\\/uploads\\\/2024\\\/08\\\/Simple-Hand-Drawn-Woman-Flower-and-Crystal-Rousseau-Quartet-Logo.png\",\"contentUrl\":\"https:\\\/\\\/www.rousseauquartet.com\\\/fr\\\/wp-content\\\/uploads\\\/2024\\\/08\\\/Simple-Hand-Drawn-Woman-Flower-and-Crystal-Rousseau-Quartet-Logo.png\",\"width\":427,\"height\":203,\"caption\":\"Rousseau String Quartet\"},\"image\":{\"@id\":\"https:\\\/\\\/www.rousseauquartet.com\\\/fr\\\/#\\\/schema\\\/logo\\\/image\\\/\"}}]}<\/script>\n<!-- \/ Yoast SEO plugin. -->","yoast_head_json":{"title":"Events - Rousseau String Quartet \u2022 Ottawa Based Musicians","robots":{"index":"index","follow":"follow","max-snippet":"max-snippet:-1","max-image-preview":"max-image-preview:large","max-video-preview":"max-video-preview:-1"},"canonical":"https:\/\/www.rousseauquartet.com\/fr\/events\/","twitter_card":"summary_large_image","twitter_title":"Events - Rousseau String Quartet \u2022 Ottawa Based Musicians","twitter_description":"\u00c9v\u00e9nements D\u00e9couvrez l&#8217;\u00e9l\u00e9gance et la polyvalence de notre quatuor \u00e0 cordes haut de gamme, con\u00e7u pour rehausser l&#8217;atmosph\u00e8re de vos \u00e9v\u00e9nements haut de gamme. Qu&#8217;il s&#8217;agisse d&#8217;une fonction d&#8217;entreprise, de [&hellip;]","twitter_image":"https:\/\/www.rousseauquartet.com\/fr\/wp-content\/uploads\/2024\/02\/DSCF1200-Curtis-Perry.jpg","twitter_misc":{"Est. reading time":"2 minutes"},"schema":{"@context":"https:\/\/schema.org","@graph":[{"@type":"WebPage","@id":"https:\/\/www.rousseauquartet.com\/fr\/events\/","url":"https:\/\/www.rousseauquartet.com\/fr\/events\/","name":"Events - Rousseau String Quartet \u2022 Ottawa Based Musicians","isPartOf":{"@id":"https:\/\/www.rousseauquartet.com\/fr\/#website"},"primaryImageOfPage":{"@id":"https:\/\/www.rousseauquartet.com\/fr\/events\/#primaryimage"},"image":{"@id":"https:\/\/www.rousseauquartet.com\/fr\/events\/#primaryimage"},"thumbnailUrl":"https:\/\/www.rousseauquartet.com\/fr\/wp-content\/uploads\/2024\/02\/DSCF1200-Curtis-Perry.jpg","datePublished":"2024-08-27T15:29:21+00:00","dateModified":"2024-08-30T19:16:26+00:00","breadcrumb":{"@id":"https:\/\/www.rousseauquartet.com\/fr\/events\/#breadcrumb"},"inLanguage":"en-US","potentialAction":[{"@type":"ReadAction","target":["https:\/\/www.rousseauquartet.com\/fr\/events\/"]}]},{"@type":"ImageObject","inLanguage":"en-US","@id":"https:\/\/www.rousseauquartet.com\/fr\/events\/#primaryimage","url":"https:\/\/www.rousseauquartet.com\/fr\/wp-content\/uploads\/2024\/02\/DSCF1200-Curtis-Perry.jpg","contentUrl":"https:\/\/www.rousseauquartet.com\/fr\/wp-content\/uploads\/2024\/02\/DSCF1200-Curtis-Perry.jpg","width":1700,"height":1275,"caption":"DSCF Curtis Perry"},{"@type":"BreadcrumbList","@id":"https:\/\/www.rousseauquartet.com\/fr\/events\/#breadcrumb","itemListElement":[{"@type":"ListItem","position":1,"name":"Home","item":"https:\/\/www.rousseauquartet.com\/fr\/"},{"@type":"ListItem","position":2,"name":"Events"}]},{"@type":"WebSite","@id":"https:\/\/www.rousseauquartet.com\/fr\/#website","url":"https:\/\/www.rousseauquartet.com\/fr\/","name":"Rousseau String Quartet \u2022 Ottawa Based Musicians","description":"Rousseau String Quartet is one of the most sought-after ensembles for wedding ceremony music, corporate events, and parties in Ottawa!","publisher":{"@id":"https:\/\/www.rousseauquartet.com\/fr\/#organization"},"potentialAction":[{"@type":"SearchAction","target":{"@type":"EntryPoint","urlTemplate":"https:\/\/www.rousseauquartet.com\/fr\/?s={search_term_string}"},"query-input":{"@type":"PropertyValueSpecification","valueRequired":true,"valueName":"search_term_string"}}],"inLanguage":"en-US"},{"@type":"Organization","@id":"https:\/\/www.rousseauquartet.com\/fr\/#organization","name":"Rousseau String Quartet","url":"https:\/\/www.rousseauquartet.com\/fr\/","logo":{"@type":"ImageObject","inLanguage":"en-US","@id":"https:\/\/www.rousseauquartet.com\/fr\/#\/schema\/logo\/image\/","url":"https:\/\/www.rousseauquartet.com\/fr\/wp-content\/uploads\/2024\/08\/Simple-Hand-Drawn-Woman-Flower-and-Crystal-Rousseau-Quartet-Logo.png","contentUrl":"https:\/\/www.rousseauquartet.com\/fr\/wp-content\/uploads\/2024\/08\/Simple-Hand-Drawn-Woman-Flower-and-Crystal-Rousseau-Quartet-Logo.png","width":427,"height":203,"caption":"Rousseau String Quartet"},"image":{"@id":"https:\/\/www.rousseauquartet.com\/fr\/#\/schema\/logo\/image\/"}}]}},"_links":{"self":[{"href":"https:\/\/www.rousseauquartet.com\/fr\/wp-json\/wp\/v2\/pages\/3625","targetHints":{"allow":["GET"]}}],"collection":[{"href":"https:\/\/www.rousseauquartet.com\/fr\/wp-json\/wp\/v2\/pages"}],"about":[{"href":"https:\/\/www.rousseauquartet.com\/fr\/wp-json\/wp\/v2\/types\/page"}],"author":[{"embeddable":true,"href":"https:\/\/www.rousseauquartet.com\/fr\/wp-json\/wp\/v2\/users\/1"}],"replies":[{"embeddable":true,"href":"https:\/\/www.rousseauquartet.com\/fr\/wp-json\/wp\/v2\/comments?post=3625"}],"version-history":[{"count":10,"href":"https:\/\/www.rousseauquartet.com\/fr\/wp-json\/wp\/v2\/pages\/3625\/revisions"}],"predecessor-version":[{"id":3637,"href":"https:\/\/www.rousseauquartet.com\/fr\/wp-json\/wp\/v2\/pages\/3625\/revisions\/3637"}],"wp:featuredmedia":[{"embeddable":true,"href":"https:\/\/www.rousseauquartet.com\/fr\/wp-json\/wp\/v2\/media\/2780"}],"wp:attachment":[{"href":"https:\/\/www.rousseauquartet.com\/fr\/wp-json\/wp\/v2\/media?parent=3625"}],"curies":[{"name":"wp","href":"https:\/\/api.w.org\/{rel}","templated":true}]}}