{"id":2529,"date":"2023-09-20T07:48:12","date_gmt":"2023-09-20T07:48:12","guid":{"rendered":"https:\/\/rousseauquartet.com\/fr\/?page_id=2529"},"modified":"2024-08-30T19:17:49","modified_gmt":"2024-08-30T19:17:49","slug":"about-fre","status":"publish","type":"page","link":"https:\/\/www.rousseauquartet.com\/fr\/about-fre\/","title":{"rendered":"Qui sommes-nous"},"content":{"rendered":"\t\t<div data-elementor-type=\"wp-page\" data-elementor-id=\"2529\" class=\"elementor elementor-2529\">\n\t\t\t\t\t\t<section class=\"elementor-section elementor-top-section elementor-element elementor-element-e83fe49 elementor-section-boxed elementor-section-height-default elementor-section-height-default\" data-id=\"e83fe49\" data-element_type=\"section\" data-e-type=\"section\">\n\t\t\t\t\t\t<div class=\"elementor-container elementor-column-gap-default\">\n\t\t\t\t\t<div class=\"elementor-column elementor-col-100 elementor-top-column elementor-element elementor-element-4e55db3\" data-id=\"4e55db3\" data-element_type=\"column\" data-e-type=\"column\">\n\t\t\t<div class=\"elementor-widget-wrap elementor-element-populated\">\n\t\t\t\t\t\t<div class=\"elementor-element elementor-element-d386caf elementor-widget elementor-widget-heading\" data-id=\"d386caf\" data-element_type=\"widget\" data-e-type=\"widget\" data-widget_type=\"heading.default\">\n\t\t\t\t<div class=\"elementor-widget-container\">\n\t\t\t\t\t<h1 class=\"elementor-heading-title elementor-size-default\">A propos de Quatuor  Rousseau\n<\/h1>\t\t\t\t<\/div>\n\t\t\t\t<\/div>\n\t\t\t\t\t<\/div>\n\t\t<\/div>\n\t\t\t\t\t<\/div>\n\t\t<\/section>\n\t\t\t\t<section class=\"elementor-section elementor-top-section elementor-element elementor-element-e5786ee elementor-section-boxed elementor-section-height-default elementor-section-height-default\" data-id=\"e5786ee\" data-element_type=\"section\" data-e-type=\"section\">\n\t\t\t\t\t\t<div class=\"elementor-container elementor-column-gap-default\">\n\t\t\t\t\t<div class=\"elementor-column elementor-col-50 elementor-top-column elementor-element elementor-element-8dbf5e5\" data-id=\"8dbf5e5\" data-element_type=\"column\" data-e-type=\"column\">\n\t\t\t<div class=\"elementor-widget-wrap elementor-element-populated\">\n\t\t\t\t\t\t<div class=\"elementor-element elementor-element-937aa56 elementor-widget elementor-widget-spacer\" data-id=\"937aa56\" data-element_type=\"widget\" data-e-type=\"widget\" data-widget_type=\"spacer.default\">\n\t\t\t\t<div class=\"elementor-widget-container\">\n\t\t\t\t\t\t\t<div class=\"elementor-spacer\">\n\t\t\t<div class=\"elementor-spacer-inner\"><\/div>\n\t\t<\/div>\n\t\t\t\t\t\t<\/div>\n\t\t\t\t<\/div>\n\t\t\t\t<div class=\"elementor-element elementor-element-53f563d elementor-widget elementor-widget-image\" data-id=\"53f563d\" data-element_type=\"widget\" data-e-type=\"widget\" data-widget_type=\"image.default\">\n\t\t\t\t<div class=\"elementor-widget-container\">\n\t\t\t\t\t\t\t\t\t\t\t\t\t\t\t<img fetchpriority=\"high\" decoding=\"async\" width=\"1024\" height=\"768\" src=\"https:\/\/www.rousseauquartet.com\/fr\/wp-content\/uploads\/2024\/02\/DSCF1200-Curtis-Perry-1024x768.jpg\" class=\"attachment-large size-large wp-image-2780\" alt=\"DSCF Curtis Perry\" srcset=\"https:\/\/www.rousseauquartet.com\/fr\/wp-content\/uploads\/2024\/02\/DSCF1200-Curtis-Perry-1024x768.jpg 1024w, https:\/\/www.rousseauquartet.com\/fr\/wp-content\/uploads\/2024\/02\/DSCF1200-Curtis-Perry-300x225.jpg 300w, https:\/\/www.rousseauquartet.com\/fr\/wp-content\/uploads\/2024\/02\/DSCF1200-Curtis-Perry-768x576.jpg 768w, https:\/\/www.rousseauquartet.com\/fr\/wp-content\/uploads\/2024\/02\/DSCF1200-Curtis-Perry-1536x1152.jpg 1536w, https:\/\/www.rousseauquartet.com\/fr\/wp-content\/uploads\/2024\/02\/DSCF1200-Curtis-Perry.jpg 1700w\" sizes=\"(max-width: 1024px) 100vw, 1024px\" \/>\t\t\t\t\t\t\t\t\t\t\t\t\t\t\t<\/div>\n\t\t\t\t<\/div>\n\t\t\t\t\t<\/div>\n\t\t<\/div>\n\t\t\t\t<div class=\"elementor-column elementor-col-50 elementor-top-column elementor-element elementor-element-59841f0\" data-id=\"59841f0\" data-element_type=\"column\" data-e-type=\"column\">\n\t\t\t<div class=\"elementor-widget-wrap elementor-element-populated\">\n\t\t\t\t\t\t<div class=\"elementor-element elementor-element-ce8f62b elementor-widget elementor-widget-spacer\" data-id=\"ce8f62b\" data-element_type=\"widget\" data-e-type=\"widget\" data-widget_type=\"spacer.default\">\n\t\t\t\t<div class=\"elementor-widget-container\">\n\t\t\t\t\t\t\t<div class=\"elementor-spacer\">\n\t\t\t<div class=\"elementor-spacer-inner\"><\/div>\n\t\t<\/div>\n\t\t\t\t\t\t<\/div>\n\t\t\t\t<\/div>\n\t\t\t\t<div class=\"elementor-element elementor-element-88dc36b elementor-invisible elementor-widget elementor-widget-heading\" data-id=\"88dc36b\" data-element_type=\"widget\" data-e-type=\"widget\" data-settings=\"{&quot;_animation&quot;:&quot;fadeInRight&quot;}\" data-widget_type=\"heading.default\">\n\t\t\t\t<div class=\"elementor-widget-container\">\n\t\t\t\t\t<h2 class=\"elementor-heading-title elementor-size-default\">Quatuor  Rousseau<\/h2>\t\t\t\t<\/div>\n\t\t\t\t<\/div>\n\t\t\t\t<div class=\"elementor-element elementor-element-f23dc5b elementor-widget elementor-widget-text-editor\" data-id=\"f23dc5b\" data-element_type=\"widget\" data-e-type=\"widget\" data-widget_type=\"text-editor.default\">\n\t\t\t\t<div class=\"elementor-widget-container\">\n\t\t\t\t\t\t\t\t\t<p>Le <strong>Quatuor  Rousseau<\/strong> est l\u2019un des ensembles qu\u00e9b\u00e9cois les plus recherch\u00e9s pour les mariages, les \u00e9v\u00e9nements corporatifs et les f\u00eates. Le groupe interpr\u00e8te \u00e0 la fois de la musique classique et des arrangements originaux de chansons populaires contemporaines, apportant un niveau artistique et professionnel que vos invit\u00e9s remarqueront certainement!<\/p>\t\t\t\t\t\t\t\t<\/div>\n\t\t\t\t<\/div>\n\t\t\t\t<div class=\"elementor-element elementor-element-9473569 elementor-widget elementor-widget-html\" data-id=\"9473569\" data-element_type=\"widget\" data-e-type=\"widget\" data-widget_type=\"html.default\">\n\t\t\t\t<div class=\"elementor-widget-container\">\n\t\t\t\t\t<div class=\"elementor-button-wrapper\">\r\n<a href=\"javascript:void(0);\"\r\nclass=\"GetaQuote elementor-button-link elementor-button elementor-size-lg fillout-share button\"\r\ndata-fillout-id=\"fuFwEdE9Kvus\"\r\ndata-fillout-embed-type=\"popup\"\r\ndata-fillout-inherit-parameters\r\ndata-Quartet=\"Rousseau\"\r\ndata-QuartetID=\"rechkeiArQbu9x4mD\">\r\n<span class=\"elementor-button-content-wrapper\">\r\n<span class=\"elementor-button-icon elementor-align-icon-right\">\r\n<i aria-hidden=\"true\" class=\"fas fa-arrow-right\"><\/i>\r\n<\/span>\r\n<span class=\"elementor-button-text\">Get a quote<\/span>\r\n<\/span>\r\n<\/a>\r\n<\/div>\r\n<script src=\"https:\/\/server.fillout.com\/embed\/v1\/\"><\/script>\t\t\t\t<\/div>\n\t\t\t\t<\/div>\n\t\t\t\t<section class=\"elementor-section elementor-inner-section elementor-element elementor-element-5f21ec2 elementor-section-boxed elementor-section-height-default elementor-section-height-default\" data-id=\"5f21ec2\" data-element_type=\"section\" data-e-type=\"section\">\n\t\t\t\t\t\t<div class=\"elementor-container elementor-column-gap-default\">\n\t\t\t\t\t<div class=\"elementor-column elementor-col-50 elementor-inner-column elementor-element elementor-element-3d9dcf1\" data-id=\"3d9dcf1\" data-element_type=\"column\" data-e-type=\"column\">\n\t\t\t<div class=\"elementor-widget-wrap elementor-element-populated\">\n\t\t\t\t\t\t<div class=\"elementor-element elementor-element-4d31717 elementor-invisible elementor-widget elementor-widget-testimonial\" data-id=\"4d31717\" data-element_type=\"widget\" data-e-type=\"widget\" data-settings=\"{&quot;_animation&quot;:&quot;fadeInUp&quot;}\" data-widget_type=\"testimonial.default\">\n\t\t\t\t<div class=\"elementor-widget-container\">\n\t\t\t\t\t\t\t<div class=\"elementor-testimonial-wrapper\">\n\t\t\t\t\t\t\t<div class=\"elementor-testimonial-content\">\u201cIls sont tout simplement les meilleurs !!! Le mariage et le cocktail de ma fille ont \u00e9t\u00e9 rendus parfaits par eux.\u201d <\/div>\n\t\t\t\n\t\t\t\t\t\t<div class=\"elementor-testimonial-meta elementor-has-image elementor-testimonial-image-position-aside\">\n\t\t\t\t<div class=\"elementor-testimonial-meta-inner\">\n\t\t\t\t\t\t\t\t\t\t\t<div class=\"elementor-testimonial-image\">\n\t\t\t\t\t\t\t<img decoding=\"async\" width=\"96\" height=\"96\" src=\"https:\/\/www.rousseauquartet.com\/fr\/wp-content\/uploads\/2021\/01\/Caren-Murphy-5280-String-Quartet.jpg\" class=\"attachment-full size-full wp-image-1319\" alt=\"Caren Murphy String Quartet\" \/>\t\t\t\t\t\t<\/div>\n\t\t\t\t\t\n\t\t\t\t\t\t\t\t\t\t<div class=\"elementor-testimonial-details\">\n\t\t\t\t\t\t\t\t\t\t\t\t\t\t<div class=\"elementor-testimonial-name\"> Caren Murphy<\/div>\n\t\t\t\t\t\t\t\t\t\t\t\t\t\t\t\t\t\t\t<\/div>\n\t\t\t\t\t\t\t\t\t<\/div>\n\t\t\t<\/div>\n\t\t\t\t\t<\/div>\n\t\t\t\t\t\t<\/div>\n\t\t\t\t<\/div>\n\t\t\t\t\t<\/div>\n\t\t<\/div>\n\t\t\t\t<div class=\"elementor-column elementor-col-50 elementor-inner-column elementor-element elementor-element-4613494\" data-id=\"4613494\" data-element_type=\"column\" data-e-type=\"column\">\n\t\t\t<div class=\"elementor-widget-wrap elementor-element-populated\">\n\t\t\t\t\t\t<div class=\"elementor-element elementor-element-e49f262 elementor-widget elementor-widget-heading\" data-id=\"e49f262\" data-element_type=\"widget\" data-e-type=\"widget\" data-widget_type=\"heading.default\">\n\t\t\t\t<div class=\"elementor-widget-container\">\n\t\t\t\t\t<h3 class=\"elementor-heading-title elementor-size-default\">6<\/h3>\t\t\t\t<\/div>\n\t\t\t\t<\/div>\n\t\t\t\t\t<\/div>\n\t\t<\/div>\n\t\t\t\t\t<\/div>\n\t\t<\/section>\n\t\t\t\t\t<\/div>\n\t\t<\/div>\n\t\t\t\t\t<\/div>\n\t\t<\/section>\n\t\t\t\t<\/div>\n\t\t","protected":false},"excerpt":{"rendered":"<p>A propos de Quatuor Rousseau Quatuor Rousseau Le Quatuor Rousseau est l\u2019un des ensembles qu\u00e9b\u00e9cois les plus recherch\u00e9s pour les mariages, les \u00e9v\u00e9nements corporatifs et les f\u00eates. Le groupe interpr\u00e8te [&hellip;]<\/p>\n","protected":false},"author":1,"featured_media":3621,"parent":0,"menu_order":0,"comment_status":"closed","ping_status":"closed","template":"","meta":{"site-sidebar-layout":"no-sidebar","site-content-layout":"page-builder","ast-site-content-layout":"full-width-container","site-content-style":"default","site-sidebar-style":"default","ast-global-header-display":"","ast-banner-title-visibility":"","ast-main-header-display":"","ast-hfb-above-header-display":"","ast-hfb-below-header-display":"","ast-hfb-mobile-header-display":"","site-post-title":"disabled","ast-breadcrumbs-content":"","ast-featured-img":"disabled","footer-sml-layout":"","ast-disable-related-posts":"","theme-transparent-header-meta":"","adv-header-id-meta":"","stick-header-meta":"","header-above-stick-meta":"","header-main-stick-meta":"","header-below-stick-meta":"","astra-migrate-meta-layouts":"set","ast-page-background-enabled":"default","ast-page-background-meta":{"desktop":{"background-color":"","background-image":"","background-repeat":"repeat","background-position":"center center","background-size":"auto","background-attachment":"scroll","background-type":"","background-media":"","overlay-type":"","overlay-color":"","overlay-opacity":"","overlay-gradient":""},"tablet":{"background-color":"","background-image":"","background-repeat":"repeat","background-position":"center center","background-size":"auto","background-attachment":"scroll","background-type":"","background-media":"","overlay-type":"","overlay-color":"","overlay-opacity":"","overlay-gradient":""},"mobile":{"background-color":"","background-image":"","background-repeat":"repeat","background-position":"center center","background-size":"auto","background-attachment":"scroll","background-type":"","background-media":"","overlay-type":"","overlay-color":"","overlay-opacity":"","overlay-gradient":""}},"ast-content-background-meta":{"desktop":{"background-color":"var(--ast-global-color-5)","background-image":"","background-repeat":"repeat","background-position":"center center","background-size":"auto","background-attachment":"scroll","background-type":"","background-media":"","overlay-type":"","overlay-color":"","overlay-opacity":"","overlay-gradient":""},"tablet":{"background-color":"var(--ast-global-color-5)","background-image":"","background-repeat":"repeat","background-position":"center center","background-size":"auto","background-attachment":"scroll","background-type":"","background-media":"","overlay-type":"","overlay-color":"","overlay-opacity":"","overlay-gradient":""},"mobile":{"background-color":"var(--ast-global-color-5)","background-image":"","background-repeat":"repeat","background-position":"center center","background-size":"auto","background-attachment":"scroll","background-type":"","background-media":"","overlay-type":"","overlay-color":"","overlay-opacity":"","overlay-gradient":""}},"footnotes":""},"class_list":["post-2529","page","type-page","status-publish","has-post-thumbnail","hentry"],"yoast_head":"<!-- This site is optimized with the Yoast SEO plugin v27.5 - https:\/\/yoast.com\/product\/yoast-seo-wordpress\/ -->\n<title>Quatuor \u00e0 cordes Rousseau | Musicien de r\u00eave qu\u00e9b\u00e9cois<\/title>\n<meta name=\"description\" content=\"Quatuor \u00e0 cordes Rousseau , les ensembles les plus recherch\u00e9s pour la musique de c\u00e9r\u00e9monie de mariage, d&#039;\u00e9v\u00e9nements corporatifs au Ottawa.\" \/>\n<meta name=\"robots\" content=\"index, follow, max-snippet:-1, max-image-preview:large, max-video-preview:-1\" \/>\n<link rel=\"canonical\" href=\"https:\/\/www.rousseauquartet.com\/fr\/about-fre\/\" \/>\n<meta name=\"twitter:card\" content=\"summary_large_image\" \/>\n<meta name=\"twitter:title\" content=\"Quatuor \u00e0 cordes Rousseau | Musicien de r\u00eave qu\u00e9b\u00e9cois\" \/>\n<meta name=\"twitter:description\" content=\"Quatuor \u00e0 cordes Rousseau , les ensembles les plus recherch\u00e9s pour la musique de c\u00e9r\u00e9monie de mariage, d&#039;\u00e9v\u00e9nements corporatifs au Ottawa.\" \/>\n<meta name=\"twitter:image\" content=\"https:\/\/www.rousseauquartet.com\/fr\/wp-content\/uploads\/2024\/08\/DSCF1181-Curtis-Perry.jpg\" \/>\n<meta name=\"twitter:label1\" content=\"Est. reading time\" \/>\n\t<meta name=\"twitter:data1\" content=\"1 minute\" \/>\n<script type=\"application\/ld+json\" class=\"yoast-schema-graph\">{\"@context\":\"https:\\\/\\\/schema.org\",\"@graph\":[{\"@type\":\"WebPage\",\"@id\":\"https:\\\/\\\/www.rousseauquartet.com\\\/fr\\\/about-fre\\\/\",\"url\":\"https:\\\/\\\/www.rousseauquartet.com\\\/fr\\\/about-fre\\\/\",\"name\":\"Quatuor \u00e0 cordes Rousseau | Musicien de r\u00eave qu\u00e9b\u00e9cois\",\"isPartOf\":{\"@id\":\"https:\\\/\\\/www.rousseauquartet.com\\\/fr\\\/#website\"},\"primaryImageOfPage\":{\"@id\":\"https:\\\/\\\/www.rousseauquartet.com\\\/fr\\\/about-fre\\\/#primaryimage\"},\"image\":{\"@id\":\"https:\\\/\\\/www.rousseauquartet.com\\\/fr\\\/about-fre\\\/#primaryimage\"},\"thumbnailUrl\":\"https:\\\/\\\/www.rousseauquartet.com\\\/fr\\\/wp-content\\\/uploads\\\/2024\\\/08\\\/DSCF1181-Curtis-Perry.jpg\",\"datePublished\":\"2023-09-20T07:48:12+00:00\",\"dateModified\":\"2024-08-30T19:17:49+00:00\",\"description\":\"Quatuor \u00e0 cordes Rousseau , les ensembles les plus recherch\u00e9s pour la musique de c\u00e9r\u00e9monie de mariage, d'\u00e9v\u00e9nements corporatifs au Ottawa.\",\"breadcrumb\":{\"@id\":\"https:\\\/\\\/www.rousseauquartet.com\\\/fr\\\/about-fre\\\/#breadcrumb\"},\"inLanguage\":\"en-US\",\"potentialAction\":[{\"@type\":\"ReadAction\",\"target\":[\"https:\\\/\\\/www.rousseauquartet.com\\\/fr\\\/about-fre\\\/\"]}]},{\"@type\":\"ImageObject\",\"inLanguage\":\"en-US\",\"@id\":\"https:\\\/\\\/www.rousseauquartet.com\\\/fr\\\/about-fre\\\/#primaryimage\",\"url\":\"https:\\\/\\\/www.rousseauquartet.com\\\/fr\\\/wp-content\\\/uploads\\\/2024\\\/08\\\/DSCF1181-Curtis-Perry.jpg\",\"contentUrl\":\"https:\\\/\\\/www.rousseauquartet.com\\\/fr\\\/wp-content\\\/uploads\\\/2024\\\/08\\\/DSCF1181-Curtis-Perry.jpg\",\"width\":1700,\"height\":2125,\"caption\":\"DSCF Curtis Perry jpg\"},{\"@type\":\"BreadcrumbList\",\"@id\":\"https:\\\/\\\/www.rousseauquartet.com\\\/fr\\\/about-fre\\\/#breadcrumb\",\"itemListElement\":[{\"@type\":\"ListItem\",\"position\":1,\"name\":\"Home\",\"item\":\"https:\\\/\\\/www.rousseauquartet.com\\\/fr\\\/\"},{\"@type\":\"ListItem\",\"position\":2,\"name\":\"Qui sommes-nous\"}]},{\"@type\":\"WebSite\",\"@id\":\"https:\\\/\\\/www.rousseauquartet.com\\\/fr\\\/#website\",\"url\":\"https:\\\/\\\/www.rousseauquartet.com\\\/fr\\\/\",\"name\":\"Rousseau String Quartet \u2022 Ottawa Based Musicians\",\"description\":\"Rousseau String Quartet is one of the most sought-after ensembles for wedding ceremony music, corporate events, and parties in Ottawa!\",\"publisher\":{\"@id\":\"https:\\\/\\\/www.rousseauquartet.com\\\/fr\\\/#organization\"},\"potentialAction\":[{\"@type\":\"SearchAction\",\"target\":{\"@type\":\"EntryPoint\",\"urlTemplate\":\"https:\\\/\\\/www.rousseauquartet.com\\\/fr\\\/?s={search_term_string}\"},\"query-input\":{\"@type\":\"PropertyValueSpecification\",\"valueRequired\":true,\"valueName\":\"search_term_string\"}}],\"inLanguage\":\"en-US\"},{\"@type\":\"Organization\",\"@id\":\"https:\\\/\\\/www.rousseauquartet.com\\\/fr\\\/#organization\",\"name\":\"Rousseau String Quartet\",\"url\":\"https:\\\/\\\/www.rousseauquartet.com\\\/fr\\\/\",\"logo\":{\"@type\":\"ImageObject\",\"inLanguage\":\"en-US\",\"@id\":\"https:\\\/\\\/www.rousseauquartet.com\\\/fr\\\/#\\\/schema\\\/logo\\\/image\\\/\",\"url\":\"https:\\\/\\\/www.rousseauquartet.com\\\/fr\\\/wp-content\\\/uploads\\\/2024\\\/08\\\/Simple-Hand-Drawn-Woman-Flower-and-Crystal-Rousseau-Quartet-Logo.png\",\"contentUrl\":\"https:\\\/\\\/www.rousseauquartet.com\\\/fr\\\/wp-content\\\/uploads\\\/2024\\\/08\\\/Simple-Hand-Drawn-Woman-Flower-and-Crystal-Rousseau-Quartet-Logo.png\",\"width\":427,\"height\":203,\"caption\":\"Rousseau String Quartet\"},\"image\":{\"@id\":\"https:\\\/\\\/www.rousseauquartet.com\\\/fr\\\/#\\\/schema\\\/logo\\\/image\\\/\"}}]}<\/script>\n<!-- \/ Yoast SEO plugin. -->","yoast_head_json":{"title":"Quatuor \u00e0 cordes Rousseau | Musicien de r\u00eave qu\u00e9b\u00e9cois","description":"Quatuor \u00e0 cordes Rousseau , les ensembles les plus recherch\u00e9s pour la musique de c\u00e9r\u00e9monie de mariage, d'\u00e9v\u00e9nements corporatifs au Ottawa.","robots":{"index":"index","follow":"follow","max-snippet":"max-snippet:-1","max-image-preview":"max-image-preview:large","max-video-preview":"max-video-preview:-1"},"canonical":"https:\/\/www.rousseauquartet.com\/fr\/about-fre\/","twitter_card":"summary_large_image","twitter_title":"Quatuor \u00e0 cordes Rousseau | Musicien de r\u00eave qu\u00e9b\u00e9cois","twitter_description":"Quatuor \u00e0 cordes Rousseau , les ensembles les plus recherch\u00e9s pour la musique de c\u00e9r\u00e9monie de mariage, d'\u00e9v\u00e9nements corporatifs au Ottawa.","twitter_image":"https:\/\/www.rousseauquartet.com\/fr\/wp-content\/uploads\/2024\/08\/DSCF1181-Curtis-Perry.jpg","twitter_misc":{"Est. reading time":"1 minute"},"schema":{"@context":"https:\/\/schema.org","@graph":[{"@type":"WebPage","@id":"https:\/\/www.rousseauquartet.com\/fr\/about-fre\/","url":"https:\/\/www.rousseauquartet.com\/fr\/about-fre\/","name":"Quatuor \u00e0 cordes Rousseau | Musicien de r\u00eave qu\u00e9b\u00e9cois","isPartOf":{"@id":"https:\/\/www.rousseauquartet.com\/fr\/#website"},"primaryImageOfPage":{"@id":"https:\/\/www.rousseauquartet.com\/fr\/about-fre\/#primaryimage"},"image":{"@id":"https:\/\/www.rousseauquartet.com\/fr\/about-fre\/#primaryimage"},"thumbnailUrl":"https:\/\/www.rousseauquartet.com\/fr\/wp-content\/uploads\/2024\/08\/DSCF1181-Curtis-Perry.jpg","datePublished":"2023-09-20T07:48:12+00:00","dateModified":"2024-08-30T19:17:49+00:00","description":"Quatuor \u00e0 cordes Rousseau , les ensembles les plus recherch\u00e9s pour la musique de c\u00e9r\u00e9monie de mariage, d'\u00e9v\u00e9nements corporatifs au Ottawa.","breadcrumb":{"@id":"https:\/\/www.rousseauquartet.com\/fr\/about-fre\/#breadcrumb"},"inLanguage":"en-US","potentialAction":[{"@type":"ReadAction","target":["https:\/\/www.rousseauquartet.com\/fr\/about-fre\/"]}]},{"@type":"ImageObject","inLanguage":"en-US","@id":"https:\/\/www.rousseauquartet.com\/fr\/about-fre\/#primaryimage","url":"https:\/\/www.rousseauquartet.com\/fr\/wp-content\/uploads\/2024\/08\/DSCF1181-Curtis-Perry.jpg","contentUrl":"https:\/\/www.rousseauquartet.com\/fr\/wp-content\/uploads\/2024\/08\/DSCF1181-Curtis-Perry.jpg","width":1700,"height":2125,"caption":"DSCF Curtis Perry jpg"},{"@type":"BreadcrumbList","@id":"https:\/\/www.rousseauquartet.com\/fr\/about-fre\/#breadcrumb","itemListElement":[{"@type":"ListItem","position":1,"name":"Home","item":"https:\/\/www.rousseauquartet.com\/fr\/"},{"@type":"ListItem","position":2,"name":"Qui sommes-nous"}]},{"@type":"WebSite","@id":"https:\/\/www.rousseauquartet.com\/fr\/#website","url":"https:\/\/www.rousseauquartet.com\/fr\/","name":"Rousseau String Quartet \u2022 Ottawa Based Musicians","description":"Rousseau String Quartet is one of the most sought-after ensembles for wedding ceremony music, corporate events, and parties in Ottawa!","publisher":{"@id":"https:\/\/www.rousseauquartet.com\/fr\/#organization"},"potentialAction":[{"@type":"SearchAction","target":{"@type":"EntryPoint","urlTemplate":"https:\/\/www.rousseauquartet.com\/fr\/?s={search_term_string}"},"query-input":{"@type":"PropertyValueSpecification","valueRequired":true,"valueName":"search_term_string"}}],"inLanguage":"en-US"},{"@type":"Organization","@id":"https:\/\/www.rousseauquartet.com\/fr\/#organization","name":"Rousseau String Quartet","url":"https:\/\/www.rousseauquartet.com\/fr\/","logo":{"@type":"ImageObject","inLanguage":"en-US","@id":"https:\/\/www.rousseauquartet.com\/fr\/#\/schema\/logo\/image\/","url":"https:\/\/www.rousseauquartet.com\/fr\/wp-content\/uploads\/2024\/08\/Simple-Hand-Drawn-Woman-Flower-and-Crystal-Rousseau-Quartet-Logo.png","contentUrl":"https:\/\/www.rousseauquartet.com\/fr\/wp-content\/uploads\/2024\/08\/Simple-Hand-Drawn-Woman-Flower-and-Crystal-Rousseau-Quartet-Logo.png","width":427,"height":203,"caption":"Rousseau String Quartet"},"image":{"@id":"https:\/\/www.rousseauquartet.com\/fr\/#\/schema\/logo\/image\/"}}]}},"_links":{"self":[{"href":"https:\/\/www.rousseauquartet.com\/fr\/wp-json\/wp\/v2\/pages\/2529","targetHints":{"allow":["GET"]}}],"collection":[{"href":"https:\/\/www.rousseauquartet.com\/fr\/wp-json\/wp\/v2\/pages"}],"about":[{"href":"https:\/\/www.rousseauquartet.com\/fr\/wp-json\/wp\/v2\/types\/page"}],"author":[{"embeddable":true,"href":"https:\/\/www.rousseauquartet.com\/fr\/wp-json\/wp\/v2\/users\/1"}],"replies":[{"embeddable":true,"href":"https:\/\/www.rousseauquartet.com\/fr\/wp-json\/wp\/v2\/comments?post=2529"}],"version-history":[{"count":17,"href":"https:\/\/www.rousseauquartet.com\/fr\/wp-json\/wp\/v2\/pages\/2529\/revisions"}],"predecessor-version":[{"id":3595,"href":"https:\/\/www.rousseauquartet.com\/fr\/wp-json\/wp\/v2\/pages\/2529\/revisions\/3595"}],"wp:featuredmedia":[{"embeddable":true,"href":"https:\/\/www.rousseauquartet.com\/fr\/wp-json\/wp\/v2\/media\/3621"}],"wp:attachment":[{"href":"https:\/\/www.rousseauquartet.com\/fr\/wp-json\/wp\/v2\/media?parent=2529"}],"curies":[{"name":"wp","href":"https:\/\/api.w.org\/{rel}","templated":true}]}}